{"id":752,"date":"2023-09-07T01:53:37","date_gmt":"2023-09-07T01:53:37","guid":{"rendered":"https:\/\/pardonegocios.com\/web\/?page_id=752"},"modified":"2023-09-07T01:56:40","modified_gmt":"2023-09-07T01:56:40","slug":"la-jenny","status":"publish","type":"page","link":"https:\/\/pardonegocios.com\/web\/la-jenny\/","title":{"rendered":"La Jenny"},"content":{"rendered":"\n<div style=\"height:55px\" aria-hidden=\"true\" class=\"wp-block-spacer\"><\/div>\n\n\n\n<h1 class=\"wp-block-heading box_opacity_animate_2\">La Jenny<\/h1>\n\n\n\n<div style=\"height:70px\" aria-hidden=\"true\" class=\"wp-block-spacer\"><\/div>\n\n\n\n<div class=\"wp-block-columns is-layout-flex wp-container-core-columns-is-layout-28f84493 wp-block-columns-is-layout-flex\">\n<div class=\"wp-block-column is-layout-flow wp-block-column-is-layout-flow\" style=\"flex-basis:100%\">\n<div class=\"wp-block-buttons is-layout-flex wp-block-buttons-is-layout-flex\">\n<div class=\"wp-block-button aligncenter\"><a class=\"wp-block-button__link wp-element-button\" href=\"https:\/\/ventas.autoentrada.com\/events\/walli-iturriaga-en-la-jenny-tour-d029bad8-2472-488b-9fec-3975c5cb794b\" target=\"_blank\" rel=\"noreferrer noopener\">Compr\u00e1 tus entradas aqu\u00ed<\/a><\/div>\n<\/div>\n<\/div>\n<\/div>\n\n\n\n<div style=\"height:70px\" aria-hidden=\"true\" class=\"wp-block-spacer\"><\/div>\n\n\n\n<figure class=\"wp-block-image alignwide size-large icono_bump box_opacity_animate\"><a href=\"https:\/\/pardonegocios.com\/web\/wp-content\/uploads\/2023\/09\/TAMER-JENNY-RRSS-1200x630_TOUR.jpg\"><img fetchpriority=\"high\" decoding=\"async\" width=\"1024\" height=\"538\" src=\"https:\/\/pardonegocios.com\/web\/wp-content\/uploads\/2023\/09\/TAMER-JENNY-RRSS-1200x630_TOUR-1024x538.jpg\" alt=\"LA JENNY\" class=\"wp-image-753\" srcset=\"https:\/\/pardonegocios.com\/web\/wp-content\/uploads\/2023\/09\/TAMER-JENNY-RRSS-1200x630_TOUR-1024x538.jpg 1024w, https:\/\/pardonegocios.com\/web\/wp-content\/uploads\/2023\/09\/TAMER-JENNY-RRSS-1200x630_TOUR-300x158.jpg 300w, https:\/\/pardonegocios.com\/web\/wp-content\/uploads\/2023\/09\/TAMER-JENNY-RRSS-1200x630_TOUR-768x403.jpg 768w, https:\/\/pardonegocios.com\/web\/wp-content\/uploads\/2023\/09\/TAMER-JENNY-RRSS-1200x630_TOUR.jpg 1200w\" sizes=\"(max-width: 1024px) 100vw, 1024px\" \/><\/a><\/figure>\n\n\n\n<div style=\"height:70px\" aria-hidden=\"true\" class=\"wp-block-spacer\"><\/div>\n\n\n\n<div class=\"wp-block-columns is-layout-flex wp-container-core-columns-is-layout-28f84493 wp-block-columns-is-layout-flex\">\n<div class=\"wp-block-column is-layout-flow wp-block-column-is-layout-flow\">\n<p>LA JENNY<\/p>\n\n\n\n<p>Duraci\u00f3n:<br>80 minutos<\/p>\n\n\n\n<p>Clasificaci\u00f3n:<br>Atp +4<\/p>\n\n\n\n<p>G\u00e9nero:<br>Stand up-humoristico<\/p>\n\n\n\n<p>Teatro Luxor, Avda Libertad 211, Villa Carlos Paz, C\u00f3rdoba, Argentina<\/p>\n<\/div>\n\n\n\n<div class=\"wp-block-column is-layout-flow wp-block-column-is-layout-flow\">\n<p>Wali Iturriaga, multifac\u00e9tico artista con m\u00e1s de 14 millones de seguidores en las redes sociales y una brillante trayectoria sobre las tablas, llega con su nuevo show \u00abLa Jenny. Claro que si!\u00bb, un espect\u00e1culo para toda la familia que cuenta la historia de este entra\u00f1able personaje y su relaci\u00f3n con Juan Carlos.<\/p>\n\n\n\n<p>Una obra disparatada en la que el p\u00fablico podr\u00e1 sumergirse de lleno en las aventuras (y desventuras) de esta pareja que nos rob\u00f3 el coraz\u00f3n.<\/p>\n\n\n\n<p>Juan Carlos toma la decisi\u00f3n de salir solo sin la compa\u00f1\u00eda de la Jenny y esta acci\u00f3n desata una serie de inconvenientes que son el hilo conductor de la obra.<\/p>\n\n\n\n<p>La Jenny, por su parte, recurre a los consejos de sus amigas, intervienen las madres del grupito de WhatsApp, su madre con oportunas recomendaciones, sesiones de pareja para tratar de mediar ante los continuos reproches de ambas partes.<\/p>\n\n\n\n<p>\u00bfRealmente el amor es m\u00e1s fuerte?<\/p>\n\n\n\n<p>\u00bfPerdonar\u00e1 la Jenny esta conducta irreverente de Juan Carlos?<\/p>\n<\/div>\n<\/div>\n\n\n\n<div style=\"height:70px\" aria-hidden=\"true\" class=\"wp-block-spacer\"><\/div>\n\n\n\n<div class=\"wp-block-columns is-layout-flex wp-container-core-columns-is-layout-28f84493 wp-block-columns-is-layout-flex\">\n<div class=\"wp-block-column is-layout-flow wp-block-column-is-layout-flow\" style=\"flex-basis:100%\">\n<div class=\"wp-block-buttons is-layout-flex wp-block-buttons-is-layout-flex\">\n<div class=\"wp-block-button aligncenter\"><a class=\"wp-block-button__link wp-element-button\" href=\"https:\/\/ventas.autoentrada.com\/events\/walli-iturriaga-en-la-jenny-tour-d029bad8-2472-488b-9fec-3975c5cb794b\" target=\"_blank\" rel=\"noreferrer noopener\">Compr\u00e1 tus entradas aqu\u00ed<\/a><\/div>\n<\/div>\n<\/div>\n<\/div>\n\n\n\n<div style=\"height:70px\" aria-hidden=\"true\" class=\"wp-block-spacer\"><\/div>\n","protected":false},"excerpt":{"rendered":"<p>La Jenny LA JENNY Duraci\u00f3n:80 minutos Clasificaci\u00f3n:Atp +4 G\u00e9nero:Stand up-humoristico Teatro Luxor, Avda Libertad 211, Villa Carlos Paz, C\u00f3rdoba, Argentina Wali Iturriaga, multifac\u00e9tico artista con m\u00e1s de 14 millones de seguidores en las redes sociales y una brillante trayectoria sobre las tablas, llega con su nuevo show \u00abLa Jenny. Claro que si!\u00bb, un espect\u00e1culo para [&hellip;]<\/p>\n","protected":false},"author":2,"featured_media":0,"parent":0,"menu_order":0,"comment_status":"closed","ping_status":"closed","template":"elementor_header_footer","meta":{"site-sidebar-layout":"default","site-content-layout":"","ast-site-content-layout":"default","site-content-style":"default","site-sidebar-style":"default","ast-global-header-display":"","ast-banner-title-visibility":"","ast-main-header-display":"","ast-hfb-above-header-display":"","ast-hfb-below-header-display":"","ast-hfb-mobile-header-display":"","site-post-title":"","ast-breadcrumbs-content":"","ast-featured-img":"","footer-sml-layout":"","ast-disable-related-posts":"","theme-transparent-header-meta":"","adv-header-id-meta":"","stick-header-meta":"","header-above-stick-meta":"","header-main-stick-meta":"","header-below-stick-meta":"","astra-migrate-meta-layouts":"default","ast-page-background-enabled":"default","ast-page-background-meta":{"desktop":{"background-color":"var(--ast-global-color-4)","background-image":"","background-repeat":"repeat","background-position":"center center","background-size":"auto","background-attachment":"scroll","background-type":"","background-media":"","overlay-type":"","overlay-color":"","overlay-opacity":"","overlay-gradient":""},"tablet":{"background-color":"","background-image":"","background-repeat":"repeat","background-position":"center center","background-size":"auto","background-attachment":"scroll","background-type":"","background-media":"","overlay-type":"","overlay-color":"","overlay-opacity":"","overlay-gradient":""},"mobile":{"background-color":"","background-image":"","background-repeat":"repeat","background-position":"center center","background-size":"auto","background-attachment":"scroll","background-type":"","background-media":"","overlay-type":"","overlay-color":"","overlay-opacity":"","overlay-gradient":""}},"ast-content-background-meta":{"desktop":{"background-color":"var(--ast-global-color-5)","background-image":"","background-repeat":"repeat","background-position":"center center","background-size":"auto","background-attachment":"scroll","background-type":"","background-media":"","overlay-type":"","overlay-color":"","overlay-opacity":"","overlay-gradient":""},"tablet":{"background-color":"var(--ast-global-color-5)","background-image":"","background-repeat":"repeat","background-position":"center center","background-size":"auto","background-attachment":"scroll","background-type":"","background-media":"","overlay-type":"","overlay-color":"","overlay-opacity":"","overlay-gradient":""},"mobile":{"background-color":"var(--ast-global-color-5)","background-image":"","background-repeat":"repeat","background-position":"center center","background-size":"auto","background-attachment":"scroll","background-type":"","background-media":"","overlay-type":"","overlay-color":"","overlay-opacity":"","overlay-gradient":""}},"footnotes":""},"class_list":["post-752","page","type-page","status-publish","hentry"],"jetpack_sharing_enabled":true,"_links":{"self":[{"href":"https:\/\/pardonegocios.com\/web\/wp-json\/wp\/v2\/pages\/752","targetHints":{"allow":["GET"]}}],"collection":[{"href":"https:\/\/pardonegocios.com\/web\/wp-json\/wp\/v2\/pages"}],"about":[{"href":"https:\/\/pardonegocios.com\/web\/wp-json\/wp\/v2\/types\/page"}],"author":[{"embeddable":true,"href":"https:\/\/pardonegocios.com\/web\/wp-json\/wp\/v2\/users\/2"}],"replies":[{"embeddable":true,"href":"https:\/\/pardonegocios.com\/web\/wp-json\/wp\/v2\/comments?post=752"}],"version-history":[{"count":6,"href":"https:\/\/pardonegocios.com\/web\/wp-json\/wp\/v2\/pages\/752\/revisions"}],"predecessor-version":[{"id":759,"href":"https:\/\/pardonegocios.com\/web\/wp-json\/wp\/v2\/pages\/752\/revisions\/759"}],"wp:attachment":[{"href":"https:\/\/pardonegocios.com\/web\/wp-json\/wp\/v2\/media?parent=752"}],"curies":[{"name":"wp","href":"https:\/\/api.w.org\/{rel}","templated":true}]}}