{"id":6,"date":"2022-10-07T01:04:55","date_gmt":"2022-10-07T01:04:55","guid":{"rendered":"https:\/\/pardonegocios.com\/web\/?page_id=6"},"modified":"2025-01-03T15:58:41","modified_gmt":"2025-01-03T15:58:41","slug":"pardo-negocios","status":"publish","type":"page","link":"https:\/\/pardonegocios.com\/web\/","title":{"rendered":"Pardo Negocios"},"content":{"rendered":"\n<div style=\"height:35px\" aria-hidden=\"true\" class=\"wp-block-spacer\"><\/div>\n\n\n<div id=\"metaslider-id-848\" style=\"width: 100%;\" class=\"ml-slider-3-109-0 metaslider metaslider-flex metaslider-848 ml-slider has-dots-nav ms-theme-default\" role=\"region\" aria-label=\"Temporada 24-25\" data-height=\"960\" data-width=\"960\">\n    <div id=\"metaslider_container_848\">\n        <div id=\"metaslider_848\">\n            <ul class='slides'>\n                <li style=\"display: block; width: 100%;\" class=\"slide-854 ms-image \" aria-roledescription=\"slide\" data-date=\"2024-04-29 20:37:52\" data-filename=\"img_fatima-960x960.jpg\" data-slide-type=\"image\"><img fetchpriority=\"high\" decoding=\"async\" src=\"https:\/\/pardonegocios.com\/web\/wp-content\/uploads\/2024\/12\/img_fatima-960x960.jpg\" height=\"960\" width=\"960\" alt=\"F\u00e1tima Flores y Marcelo Polino en VIlla Carlos Paz. Teatro Luxor\" class=\"slider-848 slide-854 msDefaultImage\" title=\"F\u00e1tima Flores y Marcelo Polino en VIlla Carlos Paz. Teatro Luxor\" \/><\/li>\n                <li style=\"display: none; width: 100%;\" class=\"slide-855 ms-image \" aria-roledescription=\"slide\" data-date=\"2024-04-29 20:37:52\" data-filename=\"img_11_gordillo-960x960.jpg\" data-slide-type=\"image\"><img decoding=\"async\" src=\"https:\/\/pardonegocios.com\/web\/wp-content\/uploads\/2024\/12\/img_11_gordillo-960x960.jpg\" height=\"960\" width=\"960\" alt=\"Oficial Gordillo 20 + 1 - Recargado. Teatro Luxor. Villa Carlos Paz\" class=\"slider-848 slide-855 msDefaultImage\" title=\"Oficial Gordillo 20 + 1 - Recargado. Teatro Luxor. Villa Carlos Paz\" \/><\/li>\n                <li style=\"display: none; width: 100%;\" class=\"slide-856 ms-image \" aria-roledescription=\"slide\" data-date=\"2024-04-29 20:37:52\" data-filename=\"img_sinverguenzas-960x960.jpg\" data-slide-type=\"image\"><img decoding=\"async\" src=\"https:\/\/pardonegocios.com\/web\/wp-content\/uploads\/2024\/12\/img_sinverguenzas-960x960.jpg\" height=\"960\" width=\"960\" alt=\"Sinverg\u00fcenzas. La comedia \u00e9xito en VIlla Carlos Paz.\" class=\"slider-848 slide-856 msDefaultImage\" title=\"Sinverg\u00fcenzas. La comedia \u00e9xito en VIlla Carlos Paz.\" \/><\/li>\n                <li style=\"display: none; width: 100%;\" class=\"slide-857 ms-image \" aria-roledescription=\"slide\" data-date=\"2024-04-29 20:37:52\" data-filename=\"img_24_lakonga-960x960.jpg\" data-slide-type=\"image\"><img loading=\"lazy\" decoding=\"async\" src=\"https:\/\/pardonegocios.com\/web\/wp-content\/uploads\/2024\/12\/img_24_lakonga-960x960.jpg\" height=\"960\" width=\"960\" alt=\"La Konga. Los jueves de enero y febrero en Teatro Luxor\" class=\"slider-848 slide-857 msDefaultImage\" title=\"La Konga. Los jueves de enero y febrero en Teatro Luxor\" \/><\/li>\n                <li style=\"display: none; width: 100%;\" class=\"slide-858 ms-image \" aria-roledescription=\"slide\" data-date=\"2024-04-29 20:37:52\" data-filename=\"img_04_camilo-960x960.jpg\" data-slide-type=\"image\"><img loading=\"lazy\" decoding=\"async\" src=\"https:\/\/pardonegocios.com\/web\/wp-content\/uploads\/2024\/12\/img_04_camilo-960x960.jpg\" height=\"960\" width=\"960\" alt=\"Camilo Nicol\u00e1s a fondo en Villa Carlos Paz\" class=\"slider-848 slide-858 msDefaultImage\" title=\"Camilo Nicol\u00e1s a fondo en Villa Carlos Paz\" \/><\/li>\n            <\/ul>\n        <\/div>\n        \n    <\/div>\n<\/div>\n\n\n\n<div style=\"height:35px\" aria-hidden=\"true\" class=\"wp-block-spacer\"><\/div>\n\n\n\n<hr class=\"wp-block-separator has-text-color has-ast-global-color-7-color has-alpha-channel-opacity has-ast-global-color-7-background-color has-background is-style-dots\"\/>\n\n\n\n<div style=\"height:30px\" aria-hidden=\"true\" class=\"wp-block-spacer\"><\/div>\n\n\n\n<div class=\"wp-block-columns is-layout-flex wp-container-core-columns-is-layout-28f84493 wp-block-columns-is-layout-flex\">\n<div class=\"wp-block-column is-layout-flow wp-block-column-is-layout-flow\" style=\"padding-right:40px\">\n<figure class=\"wp-block-image aligncenter size-medium has-custom-border is-resized is-style-rounded\"><a href=\"https:\/\/pardonegocios.com\/web\/wp-content\/uploads\/2022\/10\/Miguel-Pardo-02.jpg\"><img loading=\"lazy\" decoding=\"async\" width=\"300\" height=\"300\" src=\"https:\/\/pardonegocios.com\/web\/wp-content\/uploads\/2022\/10\/Miguel-Pardo-02-300x300.jpg\" alt=\"Miguel Pardo. Pardo Producciones &amp; Negocios\" class=\"wp-image-390\" style=\"border-radius:200px;aspect-ratio:1;object-fit:cover\" srcset=\"https:\/\/pardonegocios.com\/web\/wp-content\/uploads\/2022\/10\/Miguel-Pardo-02-300x300.jpg 300w, https:\/\/pardonegocios.com\/web\/wp-content\/uploads\/2022\/10\/Miguel-Pardo-02-150x150.jpg 150w, https:\/\/pardonegocios.com\/web\/wp-content\/uploads\/2022\/10\/Miguel-Pardo-02.jpg 529w\" sizes=\"(max-width: 300px) 100vw, 300px\" \/><\/a><\/figure>\n<\/div>\n\n\n\n<div class=\"wp-block-column is-layout-flow wp-block-column-is-layout-flow\">\n<h3 class=\"wp-block-heading\">Miguel Pardo<\/h3>\n\n\n\n<p class=\"has-ast-global-color-4-color has-text-color\">Emprendedor por naturaleza, empresario de espect\u00e1culos, productor teatral, empresario  de la construcci\u00f3n e inmobiliario, empresario gastron\u00f3mico<\/p>\n<\/div>\n<\/div>\n\n\n\n<div style=\"height:50px\" aria-hidden=\"true\" class=\"wp-block-spacer\"><\/div>\n\n\n\n<div class=\"wp-block-cover alignfull is-light\"><span aria-hidden=\"true\" class=\"wp-block-cover__background has-background-dim\"><\/span><img loading=\"lazy\" decoding=\"async\" width=\"1650\" height=\"1050\" class=\"wp-block-cover__image-background wp-image-82\" alt=\"\" src=\"https:\/\/pardonegocios.com\/web\/wp-content\/uploads\/2022\/10\/bienesRaices_1650x1050.jpg\" style=\"object-position:52% 48%\" data-object-fit=\"cover\" data-object-position=\"52% 48%\" srcset=\"https:\/\/pardonegocios.com\/web\/wp-content\/uploads\/2022\/10\/bienesRaices_1650x1050.jpg 1650w, https:\/\/pardonegocios.com\/web\/wp-content\/uploads\/2022\/10\/bienesRaices_1650x1050-300x191.jpg 300w, https:\/\/pardonegocios.com\/web\/wp-content\/uploads\/2022\/10\/bienesRaices_1650x1050-1024x652.jpg 1024w, https:\/\/pardonegocios.com\/web\/wp-content\/uploads\/2022\/10\/bienesRaices_1650x1050-768x489.jpg 768w, https:\/\/pardonegocios.com\/web\/wp-content\/uploads\/2022\/10\/bienesRaices_1650x1050-1536x977.jpg 1536w\" sizes=\"(max-width: 1650px) 100vw, 1650px\" \/><div class=\"wp-block-cover__inner-container is-layout-flow wp-block-cover-is-layout-flow\">\n<h2 class=\"wp-block-heading has-text-align-center has-ast-global-color-7-color has-text-color has-large-font-size\">Bienes Ra\u00edces<\/h2>\n\n\n\n<p class=\"has-text-align-center has-ast-global-color-5-color has-text-color\">Emprendimientos inmobiliarios. Lake Towers, Lake Village, Arbolada Hollywood, entre otros&#8230;<\/p>\n\n\n\n<div class=\"wp-block-buttons is-layout-flex wp-block-buttons-is-layout-flex\">\n<div class=\"wp-block-button has-custom-font-size aligncenter btn-principal has-small-font-size\"><a class=\"wp-block-button__link has-ast-global-color-2-color has-text-color wp-element-button\" href=\"https:\/\/pardonegocios.com\/web\/bienes-raices\/\" style=\"border-radius:5px;padding-top:12px;padding-right:45px;padding-bottom:12px;padding-left:45px\">Ver m\u00e1s&#8230;<\/a><\/div>\n<\/div>\n<\/div><\/div>\n\n\n\n<div style=\"height:100px\" aria-hidden=\"true\" class=\"wp-block-spacer\"><\/div>\n\n\n\n<div class=\"wp-block-cover alignfull\"><span aria-hidden=\"true\" class=\"wp-block-cover__background has-background-dim-60 has-background-dim\"><\/span><img loading=\"lazy\" decoding=\"async\" width=\"1650\" height=\"1050\" class=\"wp-block-cover__image-background wp-image-188\" alt=\"\" src=\"https:\/\/pardonegocios.com\/web\/wp-content\/uploads\/2022\/10\/espectaculos_1650x1050-1.jpg\" style=\"object-position:38% 21%\" data-object-fit=\"cover\" data-object-position=\"38% 21%\" srcset=\"https:\/\/pardonegocios.com\/web\/wp-content\/uploads\/2022\/10\/espectaculos_1650x1050-1.jpg 1650w, https:\/\/pardonegocios.com\/web\/wp-content\/uploads\/2022\/10\/espectaculos_1650x1050-1-300x191.jpg 300w, https:\/\/pardonegocios.com\/web\/wp-content\/uploads\/2022\/10\/espectaculos_1650x1050-1-1024x652.jpg 1024w, https:\/\/pardonegocios.com\/web\/wp-content\/uploads\/2022\/10\/espectaculos_1650x1050-1-768x489.jpg 768w, https:\/\/pardonegocios.com\/web\/wp-content\/uploads\/2022\/10\/espectaculos_1650x1050-1-1536x977.jpg 1536w\" sizes=\"(max-width: 1650px) 100vw, 1650px\" \/><div class=\"wp-block-cover__inner-container is-layout-flow wp-block-cover-is-layout-flow\">\n<h2 class=\"wp-block-heading has-text-align-center has-ast-global-color-7-color has-text-color has-large-font-size\">Espect\u00e1culos<\/h2>\n\n\n\n<p class=\"has-text-align-center has-ast-global-color-5-color has-text-color\">Pardo Producciones. Innovaci\u00f3n permanente en espect\u00e1culos teatrales y musicales. Creadores de m\u00e1s de 100 \u00e9xitos teatrales<\/p>\n\n\n\n<div class=\"wp-block-buttons is-layout-flex wp-block-buttons-is-layout-flex\">\n<div class=\"wp-block-button has-custom-font-size aligncenter btn-principal has-small-font-size\"><a class=\"wp-block-button__link has-ast-global-color-2-color has-text-color wp-element-button\" href=\"https:\/\/pardonegocios.com\/web\/teatros-y-espectaculos\" style=\"border-radius:5px;padding-top:12px;padding-right:45px;padding-bottom:12px;padding-left:45px\">Ver m\u00e1s&#8230;<\/a><\/div>\n<\/div>\n<\/div><\/div>\n\n\n\n<div style=\"height:100px\" aria-hidden=\"true\" class=\"wp-block-spacer\"><\/div>\n\n\n\n<div class=\"wp-block-cover alignfull\"><span aria-hidden=\"true\" class=\"wp-block-cover__background has-background-dim-60 has-background-dim\"><\/span><img loading=\"lazy\" decoding=\"async\" width=\"1650\" height=\"1050\" class=\"wp-block-cover__image-background wp-image-84\" alt=\"\" src=\"https:\/\/pardonegocios.com\/web\/wp-content\/uploads\/2022\/10\/gastronomia_1650x1050.jpg\" data-object-fit=\"cover\" srcset=\"https:\/\/pardonegocios.com\/web\/wp-content\/uploads\/2022\/10\/gastronomia_1650x1050.jpg 1650w, https:\/\/pardonegocios.com\/web\/wp-content\/uploads\/2022\/10\/gastronomia_1650x1050-300x191.jpg 300w, https:\/\/pardonegocios.com\/web\/wp-content\/uploads\/2022\/10\/gastronomia_1650x1050-1024x652.jpg 1024w, https:\/\/pardonegocios.com\/web\/wp-content\/uploads\/2022\/10\/gastronomia_1650x1050-768x489.jpg 768w, https:\/\/pardonegocios.com\/web\/wp-content\/uploads\/2022\/10\/gastronomia_1650x1050-1536x977.jpg 1536w\" sizes=\"(max-width: 1650px) 100vw, 1650px\" \/><div class=\"wp-block-cover__inner-container is-layout-flow wp-block-cover-is-layout-flow\">\n<h2 class=\"wp-block-heading has-text-align-center has-ast-global-color-7-color has-text-color has-large-font-size\">Gastronom\u00eda<\/h2>\n\n\n\n<p class=\"has-text-align-center\">Locales gastron\u00f3micos de primer nivel en Villa Carlos Paz y Puerto Madero (CABA)<\/p>\n\n\n\n<div class=\"wp-block-buttons is-layout-flex wp-block-buttons-is-layout-flex\">\n<div class=\"wp-block-button has-custom-font-size aligncenter btn-principal has-small-font-size\"><a class=\"wp-block-button__link has-ast-global-color-2-color has-text-color wp-element-button\" href=\"https:\/\/pardonegocios.com\/web\/emprendimientos-gastronomicos\/\" style=\"border-radius:5px;padding-top:12px;padding-right:45px;padding-bottom:12px;padding-left:45px\">Ver m\u00e1s&#8230;<\/a><\/div>\n<\/div>\n<\/div><\/div>\n\n\n\n<div style=\"height:100px\" aria-hidden=\"true\" class=\"wp-block-spacer\"><\/div>\n\n\n\n<div class=\"wp-block-cover alignfull\"><span aria-hidden=\"true\" class=\"wp-block-cover__background has-background-dim-70 has-background-dim\"><\/span><img loading=\"lazy\" decoding=\"async\" width=\"1650\" height=\"1050\" class=\"wp-block-cover__image-background wp-image-89\" alt=\"\" src=\"https:\/\/pardonegocios.com\/web\/wp-content\/uploads\/2022\/10\/medios_1650x1050.jpg\" style=\"object-position:68% 48%\" data-object-fit=\"cover\" data-object-position=\"68% 48%\" srcset=\"https:\/\/pardonegocios.com\/web\/wp-content\/uploads\/2022\/10\/medios_1650x1050.jpg 1650w, https:\/\/pardonegocios.com\/web\/wp-content\/uploads\/2022\/10\/medios_1650x1050-300x191.jpg 300w, https:\/\/pardonegocios.com\/web\/wp-content\/uploads\/2022\/10\/medios_1650x1050-1024x652.jpg 1024w, https:\/\/pardonegocios.com\/web\/wp-content\/uploads\/2022\/10\/medios_1650x1050-768x489.jpg 768w, https:\/\/pardonegocios.com\/web\/wp-content\/uploads\/2022\/10\/medios_1650x1050-1536x977.jpg 1536w\" sizes=\"(max-width: 1650px) 100vw, 1650px\" \/><div class=\"wp-block-cover__inner-container is-layout-flow wp-block-cover-is-layout-flow\">\n<h2 class=\"wp-block-heading has-text-align-center has-ast-global-color-7-color has-text-color has-large-font-size\">Medios de comunicaci\u00f3n<\/h2>\n\n\n\n<p class=\"has-text-align-center\">Dos radios l\u00edderes en su zona. Pulxo FM y FM Beat<\/p>\n\n\n\n<div class=\"wp-block-buttons is-layout-flex wp-block-buttons-is-layout-flex\">\n<div class=\"wp-block-button has-custom-font-size aligncenter btn-principal has-small-font-size\"><a class=\"wp-block-button__link has-ast-global-color-2-color has-text-color wp-element-button\" href=\"https:\/\/pardonegocios.com\/web\/medios-de-comunicacion\/\" style=\"border-radius:5px;padding-top:12px;padding-right:45px;padding-bottom:12px;padding-left:45px\">Ver m\u00e1s&#8230;<\/a><\/div>\n<\/div>\n<\/div><\/div>\n\n\n\n<div style=\"height:100px\" aria-hidden=\"true\" class=\"wp-block-spacer\"><\/div>\n","protected":false},"excerpt":{"rendered":"<p>Miguel Pardo Emprendedor por naturaleza, empresario de espect\u00e1culos, productor teatral, empresario de la construcci\u00f3n e inmobiliario, empresario gastron\u00f3mico<\/p>\n","protected":false},"author":2,"featured_media":0,"parent":0,"menu_order":0,"comment_status":"closed","ping_status":"closed","template":"elementor_header_footer","meta":{"site-sidebar-layout":"default","site-content-layout":"","ast-site-content-layout":"default","site-content-style":"default","site-sidebar-style":"default","ast-global-header-display":"","ast-banner-title-visibility":"","ast-main-header-display":"","ast-hfb-above-header-display":"","ast-hfb-below-header-display":"","ast-hfb-mobile-header-display":"","site-post-title":"","ast-breadcrumbs-content":"","ast-featured-img":"","footer-sml-layout":"","ast-disable-related-posts":"","theme-transparent-header-meta":"","adv-header-id-meta":"","stick-header-meta":"","header-above-stick-meta":"","header-main-stick-meta":"","header-below-stick-meta":"","astra-migrate-meta-layouts":"set","ast-page-background-enabled":"default","ast-page-background-meta":{"desktop":{"background-color":"var(--ast-global-color-4)","background-image":"","background-repeat":"repeat","background-position":"center center","background-size":"auto","background-attachment":"scroll","background-type":"","background-media":"","overlay-type":"","overlay-color":"","overlay-opacity":"","overlay-gradient":""},"tablet":{"background-color":"","background-image":"","background-repeat":"repeat","background-position":"center center","background-size":"auto","background-attachment":"scroll","background-type":"","background-media":"","overlay-type":"","overlay-color":"","overlay-opacity":"","overlay-gradient":""},"mobile":{"background-color":"","background-image":"","background-repeat":"repeat","background-position":"center center","background-size":"auto","background-attachment":"scroll","background-type":"","background-media":"","overlay-type":"","overlay-color":"","overlay-opacity":"","overlay-gradient":""}},"ast-content-background-meta":{"desktop":{"background-color":"var(--ast-global-color-5)","background-image":"","background-repeat":"repeat","background-position":"center center","background-size":"auto","background-attachment":"scroll","background-type":"","background-media":"","overlay-type":"","overlay-color":"","overlay-opacity":"","overlay-gradient":""},"tablet":{"background-color":"var(--ast-global-color-5)","background-image":"","background-repeat":"repeat","background-position":"center center","background-size":"auto","background-attachment":"scroll","background-type":"","background-media":"","overlay-type":"","overlay-color":"","overlay-opacity":"","overlay-gradient":""},"mobile":{"background-color":"var(--ast-global-color-5)","background-image":"","background-repeat":"repeat","background-position":"center center","background-size":"auto","background-attachment":"scroll","background-type":"","background-media":"","overlay-type":"","overlay-color":"","overlay-opacity":"","overlay-gradient":""}},"footnotes":""},"class_list":["post-6","page","type-page","status-publish","hentry"],"jetpack_sharing_enabled":true,"_links":{"self":[{"href":"https:\/\/pardonegocios.com\/web\/wp-json\/wp\/v2\/pages\/6","targetHints":{"allow":["GET"]}}],"collection":[{"href":"https:\/\/pardonegocios.com\/web\/wp-json\/wp\/v2\/pages"}],"about":[{"href":"https:\/\/pardonegocios.com\/web\/wp-json\/wp\/v2\/types\/page"}],"author":[{"embeddable":true,"href":"https:\/\/pardonegocios.com\/web\/wp-json\/wp\/v2\/users\/2"}],"replies":[{"embeddable":true,"href":"https:\/\/pardonegocios.com\/web\/wp-json\/wp\/v2\/comments?post=6"}],"version-history":[{"count":53,"href":"https:\/\/pardonegocios.com\/web\/wp-json\/wp\/v2\/pages\/6\/revisions"}],"predecessor-version":[{"id":919,"href":"https:\/\/pardonegocios.com\/web\/wp-json\/wp\/v2\/pages\/6\/revisions\/919"}],"wp:attachment":[{"href":"https:\/\/pardonegocios.com\/web\/wp-json\/wp\/v2\/media?parent=6"}],"curies":[{"name":"wp","href":"https:\/\/api.w.org\/{rel}","templated":true}]}}